{"id":4340,"date":"2024-01-26T15:07:58","date_gmt":"2024-01-26T14:07:58","guid":{"rendered":"https:\/\/www.laratransfernerja.com\/?page_id=4340"},"modified":"2024-11-12T09:41:03","modified_gmt":"2024-11-12T08:41:03","slug":"allgemeine-verkaufs-und-vertragsbedingungen","status":"publish","type":"page","link":"https:\/\/www.laratransfernerja.com\/de\/allgemeine-verkaufs-und-vertragsbedingungen\/","title":{"rendered":"Allgemeine Verkaufs- und Vertragsbedingungen"},"content":{"rendered":"\t\t<div data-elementor-type=\"wp-page\" data-elementor-id=\"4340\" class=\"elementor elementor-4340 elementor-1154\" data-elementor-post-type=\"page\">\n\t\t\t\t<div class=\"elementor-element elementor-element-2c1ed46 e-con-full e-flex e-con e-parent\" data-id=\"2c1ed46\" data-element_type=\"container\" data-e-type=\"container\" data-settings=\"{&quot;background_background&quot;:&quot;classic&quot;}\">\n\t\t\t\t<div class=\"elementor-element elementor-element-4c76de0 elementor-widget elementor-widget-heading\" data-id=\"4c76de0\" data-element_type=\"widget\" data-e-type=\"widget\" data-widget_type=\"heading.default\">\n\t\t\t\t<div class=\"elementor-widget-container\">\n\t\t\t\t\t<h1 class=\"elementor-heading-title elementor-size-default\">Allgemeine Verkaufs- und Vertragsbedingungen<\/h1>\t\t\t\t<\/div>\n\t\t\t\t<\/div>\n\t\t\t\t<\/div>\n\t\t<div class=\"elementor-element elementor-element-845dec3 e-flex e-con-boxed e-con e-parent\" data-id=\"845dec3\" data-element_type=\"container\" data-e-type=\"container\">\n\t\t\t\t\t<div class=\"e-con-inner\">\n\t\t<div class=\"elementor-element elementor-element-2dc07dd e-con-full e-flex e-con e-child\" data-id=\"2dc07dd\" data-element_type=\"container\" data-e-type=\"container\">\n\t\t\t\t<div class=\"elementor-element elementor-element-e2d98ef elementor-widget elementor-widget-spacer\" data-id=\"e2d98ef\" data-element_type=\"widget\" data-e-type=\"widget\" data-widget_type=\"spacer.default\">\n\t\t\t\t<div class=\"elementor-widget-container\">\n\t\t\t\t\t\t\t<div class=\"elementor-spacer\">\n\t\t\t<div class=\"elementor-spacer-inner\"><\/div>\n\t\t<\/div>\n\t\t\t\t\t\t<\/div>\n\t\t\t\t<\/div>\n\t\t\t\t<div class=\"elementor-element elementor-element-44cbee22 elementor-widget elementor-widget-text-editor\" data-id=\"44cbee22\" data-element_type=\"widget\" data-e-type=\"widget\" data-widget_type=\"text-editor.default\">\n\t\t\t\t<div class=\"elementor-widget-container\">\n\t\t\t\t\t\t\t\t\t <h5><strong>1. Reservierungen und Best\u00e4tigungen<\/strong><\/h5> <p>1.1. Reservierungen gelten als best\u00e4tigt, sobald die Vorreservierungsbest\u00e4tigung gesendet wurde.<br \/>1.2. Wir behalten uns das Recht vor, Reservierungen bei unvorhergesehenen Umst\u00e4nden zu stornieren oder zu \u00e4ndern.<br \/>1.3. Bitte \u00fcberpr\u00fcfen Sie Ihre Reservierungsdaten sorgf\u00e4ltig. Wenn Sie Fehler feststellen, kontaktieren Sie uns bitte per E-Mail unter <a>info@laratransfernerja.com<\/a>.<\/p>   <h5><strong>2. Preise und Zahlungen<\/strong><\/h5> <p>2.1. Die Preise werden entsprechend der angeforderten Dienstleistungen festgelegt und w\u00e4hrend des Buchungsvorgangs klar angegeben.<br \/>2.2. Zahlungen erfolgen direkt an den Fahrer, in bar oder per Kreditkarte.<br \/>2.3. Die Zahlung erfolgt bei Ankunft am Zielort.<\/p>   <h5><strong>3. Stornierungen und R\u00fcckerstattungen<\/strong><\/h5> <p>3.1. Stornierungen m\u00fcssen mindestens 12 Stunden vor der geplanten Leistung gemeldet werden.<br \/>3.2. Versp\u00e4tete Stornierungen oder Nichterscheinen werden gem\u00e4\u00df unserer aktuellen Richtlinien berechnet.<\/p>   <h5><strong>4. Haftung und Sicherheit<\/strong><\/h5> <p>4.1. Wir verpflichten uns, einen sicheren Service zu bieten und alle geltenden Transportvorschriften einzuhalten.<br \/>4.2. Wir \u00fcbernehmen keine Verantwortung f\u00fcr Verz\u00f6gerungen, die durch Ereignisse au\u00dferhalb unserer Kontrolle verursacht werden.<br \/>4.3. Wir behalten uns eine Toleranz von 15 Minuten in Bezug auf die Reservierungszeit vor, da wir von Fl\u00fcgen und Verkehrsbedingungen abh\u00e4ngig sind.<\/p>   <h5><strong>5. Datenschutz und pers\u00f6nliche Daten<\/strong><\/h5> <p>5.1. Die bei der Buchung angegebenen pers\u00f6nlichen Daten werden ausschlie\u00dflich f\u00fcr die Leistungserbringung verwendet und gem\u00e4\u00df unserer Datenschutzrichtlinie verwaltet.<\/p>   <h5><strong>6. Aufschlag f\u00fcr Wartezeit am Flughafen<\/strong><\/h5> <p>6.1. Wir verstehen, dass die Gep\u00e4ckausgabe gelegentlich Verz\u00f6gerungen erleiden kann. Falls es l\u00e4nger als eine Stunde nach der Landung dauert, bis Sie Ihr Gep\u00e4ck abholen und den Fahrer treffen, wird ein zus\u00e4tzlicher Aufschlag von 15 \u20ac pro weiterer Stunde oder Bruchteil davon erhoben.<\/p>   <h5><strong>7. Treffen mit dem Fahrer<\/strong><\/h5> <p>7.1. Bei Ihrer Ankunft am Flughafen M\u00e1laga wird Ihr Fahrer im Ankunftsbereich auf Sie warten und ein Schild mit Ihrem Namen hochhalten. Bitte achten Sie auf dieses Schild, wenn Sie den Gep\u00e4ckbereich verlassen.<br \/>7.2. Sollten Sie Ihren Fahrer nach den Anweisungen nicht finden, wenden Sie sich bitte umgehend an die Notrufnummer: 0034 615823173. Unser Team ist verf\u00fcgbar, um Ihnen zu helfen und einen reibungslosen Transfer zu gew\u00e4hrleisten.<br \/>7.3. Wenn ein Problem mit Ihrer Reservierung auftritt und Sie sich daf\u00fcr entscheiden, ein Taxi am Flughafen zu nehmen, \u00fcbernehmen wir nicht die Kosten f\u00fcr dieses Taxi.<\/p>   <h5><strong>8. Kommunikation und Unterst\u00fctzung<\/strong><\/h5> <p>8.1. Wir sch\u00e4tzen Ihr Verst\u00e4ndnis und Ihre Kooperation. Wenn Sie Fragen haben oder weitere Informationen ben\u00f6tigen, z\u00f6gern Sie nicht, uns zu kontaktieren.<\/p>   <h5><strong>9. Allgemeine Bedingungen<\/strong><\/h5> <p>9.1. Diese allgemeinen Verkaufsbedingungen und die genannten Erg\u00e4nzungen gelten f\u00fcr alle von Lara Transfer Nerja erbrachten Dienstleistungen. Durch die Buchung akzeptiert der Kunde diese Bedingungen in vollem Umfang.<\/p> \t\t\t\t\t\t\t\t<\/div>\n\t\t\t\t<\/div>\n\t\t\t\t<\/div>\n\t\t\t\t\t<\/div>\n\t\t\t\t<\/div>\n\t\t\t\t<\/div>\n\t\t","protected":false},"excerpt":{"rendered":"<p>Allgemeine Verkaufs- und Vertragsbedingungen Lara Transfer Nerja 1. Reservierungen und Best\u00e4tigungen 1.1. Reservierungen gelten als best\u00e4tigt, sobald die Vorreservierungsbest\u00e4tigung gesendet wurde.1.2. Wir behalten uns das Recht vor, Reservierungen bei unvorhergesehenen Umst\u00e4nden zu stornieren oder zu \u00e4ndern.1.3. Bitte \u00fcberpr\u00fcfen Sie Ihre Reservierungsdaten sorgf\u00e4ltig. Wenn Sie Fehler feststellen, kontaktieren Sie uns bitte per E-Mail unter info@laratransfernerja.com. 2. &#8230; <a title=\"Allgemeine Verkaufs- und Vertragsbedingungen\" class=\"read-more\" href=\"https:\/\/www.laratransfernerja.com\/de\/allgemeine-verkaufs-und-vertragsbedingungen\/\" aria-label=\"Mehr Informationen \u00fcber Allgemeine Verkaufs- und Vertragsbedingungen\">Weiterlesen<\/a><\/p>\n","protected":false},"author":1,"featured_media":0,"parent":0,"menu_order":0,"comment_status":"closed","ping_status":"closed","template":"","meta":{"footnotes":""},"class_list":["post-4340","page","type-page","status-publish"],"yoast_head":"<!-- This site is optimized with the Yoast SEO plugin v27.3 - https:\/\/yoast.com\/product\/yoast-seo-wordpress\/ -->\n<title>Allgemeine Verkaufs- und Vertragsbedingungen - Lara Transfer Nerja<\/title>\n<meta name=\"robots\" content=\"noindex, follow\" \/>\n<meta property=\"og:locale\" content=\"de_DE\" \/>\n<meta property=\"og:type\" content=\"article\" \/>\n<meta property=\"og:title\" content=\"Allgemeine Verkaufs- und Vertragsbedingungen - Lara Transfer Nerja\" \/>\n<meta property=\"og:description\" content=\"Allgemeine Verkaufs- und Vertragsbedingungen Lara Transfer Nerja 1. Reservierungen und Best\u00e4tigungen 1.1. Reservierungen gelten als best\u00e4tigt, sobald die Vorreservierungsbest\u00e4tigung gesendet wurde.1.2. Wir behalten uns das Recht vor, Reservierungen bei unvorhergesehenen Umst\u00e4nden zu stornieren oder zu \u00e4ndern.1.3. Bitte \u00fcberpr\u00fcfen Sie Ihre Reservierungsdaten sorgf\u00e4ltig. Wenn Sie Fehler feststellen, kontaktieren Sie uns bitte per E-Mail unter info@laratransfernerja.com. 2. ... Weiterlesen\" \/>\n<meta property=\"og:url\" content=\"https:\/\/www.laratransfernerja.com\/condiciones-generales-de-venta\/\" \/>\n<meta property=\"og:site_name\" content=\"Lara Transfer Nerja\" \/>\n<meta property=\"article:publisher\" content=\"https:\/\/www.facebook.com\/Laratransfernerja\/\" \/>\n<meta property=\"article:modified_time\" content=\"2024-11-12T08:41:03+00:00\" \/>\n<meta name=\"twitter:card\" content=\"summary_large_image\" \/>\n<meta name=\"twitter:label1\" content=\"Gesch\u00e4tzte Lesezeit\" \/>\n\t<meta name=\"twitter:data1\" content=\"2\u00a0Minuten\" \/>\n<script type=\"application\/ld+json\" class=\"yoast-schema-graph\">{\"@context\":\"https:\\\/\\\/schema.org\",\"@graph\":[{\"@type\":\"WebPage\",\"@id\":\"https:\\\/\\\/www.laratransfernerja.com\\\/condiciones-generales-de-venta\\\/\",\"url\":\"https:\\\/\\\/www.laratransfernerja.com\\\/condiciones-generales-de-venta\\\/\",\"name\":\"Allgemeine Verkaufs- und Vertragsbedingungen - Lara Transfer Nerja\",\"isPartOf\":{\"@id\":\"https:\\\/\\\/www.laratransfernerja.com\\\/#website\"},\"datePublished\":\"2024-01-26T14:07:58+00:00\",\"dateModified\":\"2024-11-12T08:41:03+00:00\",\"breadcrumb\":{\"@id\":\"https:\\\/\\\/www.laratransfernerja.com\\\/condiciones-generales-de-venta\\\/#breadcrumb\"},\"inLanguage\":\"de\",\"potentialAction\":[{\"@type\":\"ReadAction\",\"target\":[\"https:\\\/\\\/www.laratransfernerja.com\\\/condiciones-generales-de-venta\\\/\"]}]},{\"@type\":\"BreadcrumbList\",\"@id\":\"https:\\\/\\\/www.laratransfernerja.com\\\/condiciones-generales-de-venta\\\/#breadcrumb\",\"itemListElement\":[{\"@type\":\"ListItem\",\"position\":1,\"name\":\"Portada\",\"item\":\"https:\\\/\\\/www.laratransfernerja.com\\\/\"},{\"@type\":\"ListItem\",\"position\":2,\"name\":\"Allgemeine Verkaufs- und Vertragsbedingungen\"}]},{\"@type\":\"WebSite\",\"@id\":\"https:\\\/\\\/www.laratransfernerja.com\\\/#website\",\"url\":\"https:\\\/\\\/www.laratransfernerja.com\\\/\",\"name\":\"Lara Transfer Nerja\",\"description\":\"Servicio de taxi privado en Nerja\",\"publisher\":{\"@id\":\"https:\\\/\\\/www.laratransfernerja.com\\\/#organization\"},\"potentialAction\":[{\"@type\":\"SearchAction\",\"target\":{\"@type\":\"EntryPoint\",\"urlTemplate\":\"https:\\\/\\\/www.laratransfernerja.com\\\/?s={search_term_string}\"},\"query-input\":{\"@type\":\"PropertyValueSpecification\",\"valueRequired\":true,\"valueName\":\"search_term_string\"}}],\"inLanguage\":\"de\"},{\"@type\":\"Organization\",\"@id\":\"https:\\\/\\\/www.laratransfernerja.com\\\/#organization\",\"name\":\"Lara Transfer Nerja\",\"url\":\"https:\\\/\\\/www.laratransfernerja.com\\\/\",\"logo\":{\"@type\":\"ImageObject\",\"inLanguage\":\"de\",\"@id\":\"https:\\\/\\\/www.laratransfernerja.com\\\/#\\\/schema\\\/logo\\\/image\\\/\",\"url\":\"https:\\\/\\\/www.laratransfernerja.com\\\/wp-content\\\/uploads\\\/2025\\\/05\\\/logo-laratransfers-nerja-scaled-1.webp\",\"contentUrl\":\"https:\\\/\\\/www.laratransfernerja.com\\\/wp-content\\\/uploads\\\/2025\\\/05\\\/logo-laratransfers-nerja-scaled-1.webp\",\"width\":219,\"height\":70,\"caption\":\"Lara Transfer Nerja\"},\"image\":{\"@id\":\"https:\\\/\\\/www.laratransfernerja.com\\\/#\\\/schema\\\/logo\\\/image\\\/\"},\"sameAs\":[\"https:\\\/\\\/www.facebook.com\\\/Laratransfernerja\\\/\"]}]}<\/script>\n<!-- \/ Yoast SEO plugin. -->","yoast_head_json":{"title":"Allgemeine Verkaufs- und Vertragsbedingungen - Lara Transfer Nerja","robots":{"index":"noindex","follow":"follow"},"og_locale":"de_DE","og_type":"article","og_title":"Allgemeine Verkaufs- und Vertragsbedingungen - Lara Transfer Nerja","og_description":"Allgemeine Verkaufs- und Vertragsbedingungen Lara Transfer Nerja 1. Reservierungen und Best\u00e4tigungen 1.1. Reservierungen gelten als best\u00e4tigt, sobald die Vorreservierungsbest\u00e4tigung gesendet wurde.1.2. Wir behalten uns das Recht vor, Reservierungen bei unvorhergesehenen Umst\u00e4nden zu stornieren oder zu \u00e4ndern.1.3. Bitte \u00fcberpr\u00fcfen Sie Ihre Reservierungsdaten sorgf\u00e4ltig. Wenn Sie Fehler feststellen, kontaktieren Sie uns bitte per E-Mail unter info@laratransfernerja.com. 2. ... Weiterlesen","og_url":"https:\/\/www.laratransfernerja.com\/condiciones-generales-de-venta\/","og_site_name":"Lara Transfer Nerja","article_publisher":"https:\/\/www.facebook.com\/Laratransfernerja\/","article_modified_time":"2024-11-12T08:41:03+00:00","twitter_card":"summary_large_image","twitter_misc":{"Gesch\u00e4tzte Lesezeit":"2\u00a0Minuten"},"schema":{"@context":"https:\/\/schema.org","@graph":[{"@type":"WebPage","@id":"https:\/\/www.laratransfernerja.com\/condiciones-generales-de-venta\/","url":"https:\/\/www.laratransfernerja.com\/condiciones-generales-de-venta\/","name":"Allgemeine Verkaufs- und Vertragsbedingungen - Lara Transfer Nerja","isPartOf":{"@id":"https:\/\/www.laratransfernerja.com\/#website"},"datePublished":"2024-01-26T14:07:58+00:00","dateModified":"2024-11-12T08:41:03+00:00","breadcrumb":{"@id":"https:\/\/www.laratransfernerja.com\/condiciones-generales-de-venta\/#breadcrumb"},"inLanguage":"de","potentialAction":[{"@type":"ReadAction","target":["https:\/\/www.laratransfernerja.com\/condiciones-generales-de-venta\/"]}]},{"@type":"BreadcrumbList","@id":"https:\/\/www.laratransfernerja.com\/condiciones-generales-de-venta\/#breadcrumb","itemListElement":[{"@type":"ListItem","position":1,"name":"Portada","item":"https:\/\/www.laratransfernerja.com\/"},{"@type":"ListItem","position":2,"name":"Allgemeine Verkaufs- und Vertragsbedingungen"}]},{"@type":"WebSite","@id":"https:\/\/www.laratransfernerja.com\/#website","url":"https:\/\/www.laratransfernerja.com\/","name":"Lara Transfer Nerja","description":"Servicio de taxi privado en Nerja","publisher":{"@id":"https:\/\/www.laratransfernerja.com\/#organization"},"potentialAction":[{"@type":"SearchAction","target":{"@type":"EntryPoint","urlTemplate":"https:\/\/www.laratransfernerja.com\/?s={search_term_string}"},"query-input":{"@type":"PropertyValueSpecification","valueRequired":true,"valueName":"search_term_string"}}],"inLanguage":"de"},{"@type":"Organization","@id":"https:\/\/www.laratransfernerja.com\/#organization","name":"Lara Transfer Nerja","url":"https:\/\/www.laratransfernerja.com\/","logo":{"@type":"ImageObject","inLanguage":"de","@id":"https:\/\/www.laratransfernerja.com\/#\/schema\/logo\/image\/","url":"https:\/\/www.laratransfernerja.com\/wp-content\/uploads\/2025\/05\/logo-laratransfers-nerja-scaled-1.webp","contentUrl":"https:\/\/www.laratransfernerja.com\/wp-content\/uploads\/2025\/05\/logo-laratransfers-nerja-scaled-1.webp","width":219,"height":70,"caption":"Lara Transfer Nerja"},"image":{"@id":"https:\/\/www.laratransfernerja.com\/#\/schema\/logo\/image\/"},"sameAs":["https:\/\/www.facebook.com\/Laratransfernerja\/"]}]}},"_links":{"self":[{"href":"https:\/\/www.laratransfernerja.com\/de\/wp-json\/wp\/v2\/pages\/4340","targetHints":{"allow":["GET"]}}],"collection":[{"href":"https:\/\/www.laratransfernerja.com\/de\/wp-json\/wp\/v2\/pages"}],"about":[{"href":"https:\/\/www.laratransfernerja.com\/de\/wp-json\/wp\/v2\/types\/page"}],"author":[{"embeddable":true,"href":"https:\/\/www.laratransfernerja.com\/de\/wp-json\/wp\/v2\/users\/1"}],"replies":[{"embeddable":true,"href":"https:\/\/www.laratransfernerja.com\/de\/wp-json\/wp\/v2\/comments?post=4340"}],"version-history":[{"count":0,"href":"https:\/\/www.laratransfernerja.com\/de\/wp-json\/wp\/v2\/pages\/4340\/revisions"}],"wp:attachment":[{"href":"https:\/\/www.laratransfernerja.com\/de\/wp-json\/wp\/v2\/media?parent=4340"}],"curies":[{"name":"wp","href":"https:\/\/api.w.org\/{rel}","templated":true}]}}